{"id":22,"date":"2016-05-05T11:40:47","date_gmt":"2016-05-05T08:40:47","guid":{"rendered":"http:\/\/unicom.ee\/?page_id=22"},"modified":"2020-09-28T17:30:26","modified_gmt":"2020-09-28T14:30:26","slug":"kontakt","status":"publish","type":"page","link":"https:\/\/unicom.ee\/en\/contact-us\/","title":{"rendered":"CONTACT US"},"content":{"rendered":"<p><\/p>\n<p style=\"text-align: center;\"><div class=\"staff-member-listing \u00fcld\"><div class=\"staff-member even  last\">\r\n<div class=\"staff-icon\">U<\/div>\r\n<div class=\"staff-member-info-wrap\">\r\n<h3 class=\"staff-member-name\">Unicom Translation Agency<\/h3>\r\n<div class=\"staff-member-bio\"><p>Unicom T\u00f5lkeb\u00fcroo O\u00dc<br \/>\n<a href=\"https:\/\/goo.gl\/maps\/zDJA7CLFACSeoMnHA\" target=\"_blank\" rel=\"noopener\">Veerenni 55,\u00a011313 Tallinn<\/a><br \/>\nReg. No.: 10054557<br \/>\nVAT No: EE100457744<br \/>\ninfo@unicom.ee<\/p>\n<\/div>\r\n<\/div>\r\n<\/div> <!-- Close staff-member --><\/div> <!-- Close staff-member-listing --><br \/>\n<span style=\"color: #999999;\">Staff<\/span><\/p>\n<p style=\"text-align: center;\"><div class=\"staff-member-listing est\"><div class=\"staff-member even \">\r\n<div class=\"staff-icon\">KK<\/div>\r\n<div class=\"staff-member-info-wrap\">\r\n<h3 class=\"staff-member-name\">Kaia K\u00e4\u00e4r<\/h3>\r\n<div class=\"staff-member-bio\"><p>Project manager<br \/>\n<span style=\"color: #999999\">et, en, de, ru<\/span><br \/>\n(+372)\u202a 53 890 290\u202c\u202c<br \/>\n<a href=\"mailto:kaia@unicom.ee\">kaia@unicom.ee<\/a><\/p>\n<\/div>\r\n<\/div>\r\n<\/div> <!-- Close staff-member --><div class=\"staff-member odd \">\r\n<div class=\"staff-icon\">AT<\/div>\r\n<div class=\"staff-member-info-wrap\">\r\n<h3 class=\"staff-member-name\">Andrus Tupits<\/h3>\r\n<div class=\"staff-member-bio\"><p>Project manager<br \/>\n<span style=\"color: #999999\">et, ru, en<\/span><br \/>\n(+372) 51 937 045<br \/>\n<a href=\"mailto:andrus@unicom.ee\">andrus@unicom.ee<\/a><\/p>\n<\/div>\r\n<\/div>\r\n<\/div> <!-- Close staff-member --><div class=\"staff-member even  last\">\r\n<div class=\"staff-icon\">PL<\/div>\r\n<div class=\"staff-member-info-wrap\">\r\n<h3 class=\"staff-member-name\">Pille-Triin Laur<\/h3>\r\n<div class=\"staff-member-bio\"><p>Project manager<br \/>\n<span style=\"color: #999999\">et, sv, en, ru<\/span><br \/>\n(+372)\u00a058 116 086<br \/>\n<a href=\"mailto:pille@unicom.ee\">pille@unicom.ee<\/a><\/p>\n<\/div>\r\n<\/div>\r\n<\/div> <!-- Close staff-member --><\/div> <!-- Close staff-member-listing --><\/p>\n<p><\/p>","protected":false},"excerpt":{"rendered":"<p>Staff<\/p>\n","protected":false},"author":1,"featured_media":0,"parent":0,"menu_order":0,"comment_status":"closed","ping_status":"closed","template":"page-fullscreen.php","meta":{"footnotes":""},"_links":{"self":[{"href":"https:\/\/unicom.ee\/en\/wp-json\/wp\/v2\/pages\/22"}],"collection":[{"href":"https:\/\/unicom.ee\/en\/wp-json\/wp\/v2\/pages"}],"about":[{"href":"https:\/\/unicom.ee\/en\/wp-json\/wp\/v2\/types\/page"}],"author":[{"embeddable":true,"href":"https:\/\/unicom.ee\/en\/wp-json\/wp\/v2\/users\/1"}],"replies":[{"embeddable":true,"href":"https:\/\/unicom.ee\/en\/wp-json\/wp\/v2\/comments?post=22"}],"version-history":[{"count":5,"href":"https:\/\/unicom.ee\/en\/wp-json\/wp\/v2\/pages\/22\/revisions"}],"predecessor-version":[{"id":814,"href":"https:\/\/unicom.ee\/en\/wp-json\/wp\/v2\/pages\/22\/revisions\/814"}],"wp:attachment":[{"href":"https:\/\/unicom.ee\/en\/wp-json\/wp\/v2\/media?parent=22"}],"curies":[{"name":"wp","href":"https:\/\/api.w.org\/{rel}","templated":true}]}}