{"id":13,"date":"2016-05-05T11:37:47","date_gmt":"2016-05-05T08:37:47","guid":{"rendered":"http:\/\/unicom.ee\/?page_id=13"},"modified":"2017-01-30T16:47:14","modified_gmt":"2017-01-30T14:47:14","slug":"hea-teada","status":"publish","type":"page","link":"https:\/\/unicom.ee\/fi\/kes-me-oleme\/","title":{"rendered":"YRITYKSEST\u00c4"},"content":{"rendered":"<p>Unicom K\u00e4\u00e4nn\u00f6stoimisto on vuonna 2011 perustettu, virolaiseen yksityisp\u00e4\u00e4omaan perustuva yhti\u00f6. Tavoitteenamme on tarjota asiakkaillemme parasta palvelutasoa, yksil\u00f6llist\u00e4 l\u00e4hestymist\u00e4 ja tietenkin laadukasta k\u00e4\u00e4nn\u00f6spalvelua.<\/p>\n<hr \/>\n<h5>MIKSI VALITA K\u00c4\u00c4NN\u00d6SKUMPPANIKSI JUURI UNICOM K\u00c4\u00c4NN\u00d6STOIMISTO?<\/h5>\n<p>Meill\u00e4 on kokenut ja ammattitaitoinen tiimi. Edullinen virolainen hintataso \u2013 laadusta tinkim\u00e4tt\u00e4! Lis\u00e4ksi Unicom T\u00f5lkeb\u00fcroo tarjoaa kanta-asiakkailleen erilaisia hintaetuja.<br \/>\nTekninen osaaminen tekstink\u00e4sittely-, k\u00e4\u00e4nn\u00f6s- ja taitto-ohjelmistojen alalla auttaa asiakasta s\u00e4\u00e4st\u00e4m\u00e4\u00e4n aikaa ja rahaa.<br \/>\nProjektip\u00e4\u00e4llikk\u00f6mme tuntevat perinpohjin k\u00e4\u00e4nn\u00f6smarkkinat sek\u00e4 k\u00e4\u00e4nn\u00f6st\u00f6it\u00e4 suorittavat huolellisesti valitut ammattik\u00e4\u00e4nt\u00e4j\u00e4t ja -tulkit.<br \/>\nTavoitteenamme on tehd\u00e4 k\u00e4\u00e4nn\u00f6sasioiden hoitaminen asiakkaille mahdollisimman helpoksi ja yksinkertaiseksi.<br \/>\nLaaja tietokantamme antaa mahdollisuuden l\u00f6yt\u00e4\u00e4 jokaiselle ty\u00f6lle sopivan p\u00e4tev\u00e4n k\u00e4\u00e4nt\u00e4j\u00e4n ja toimittajan.<br \/>\nKer\u00e4\u00e4mme ja kartoitamme eri alojen termist\u00f6j\u00e4.<br \/>\nTarjoamme tarvittaessa my\u00f6s taitto- ja painatuspalveluita.<br \/>\nAsiakkainamme on useita tunnettuja virolaisia ja kansainv\u00e4lisi\u00e4 yrityksi\u00e4 eri toimialoilta.<br \/>\nUnicom T\u00f5lkeb\u00fcroo tarjoaa kanta-asiakkailleen erilaisia hintaetuja.<br \/>\nJos ette ole aikaisemmin tehneet yhteisty\u00f6t\u00e4 kanssamme ettek\u00e4 halua ostaa \u201dsikaa s\u00e4kiss\u00e4\u201d, niin voitte tilata meilt\u00e4 ilmaisen k\u00e4\u00e4nn\u00f6sn\u00e4ytteen, jonka tekemisest\u00e4 voitte sopia <a href=\"http:\/\/unicom.ee\/kontakt\/\">PROJEKTIP\u00c4\u00c4LLIK\u00d6N<\/a> kanssa.<br \/>\nJos teill\u00e4 on konkreettinen k\u00e4\u00e4nn\u00f6starve, niin olkaa hyv\u00e4 ja l\u00e4hett\u00e4k\u00e4\u00e4 <a href=\"http:\/\/www.unicom.ee\/paring\/\">TILAUSLOMAKKEELLA<\/a> ty\u00f6n perustiedot. Projektip\u00e4\u00e4llikk\u00f6mme ottaa teihin pikaisesti yhteytt\u00e4 ja tekee hintatarjouksen.<\/p>","protected":false},"excerpt":{"rendered":"<p>Unicom K\u00e4\u00e4nn\u00f6stoimisto on vuonna 2011 perustettu, virolaiseen yksityisp\u00e4\u00e4omaan perustuva yhti\u00f6. Tavoitteenamme on tarjota asiakkaillemme parasta palvelutasoa, yksil\u00f6llist\u00e4 l\u00e4hestymist\u00e4 ja tietenkin laadukasta k\u00e4\u00e4nn\u00f6spalvelua. MIKSI VALITA K\u00c4\u00c4NN\u00d6SKUMPPANIKSI JUURI UNICOM K\u00c4\u00c4NN\u00d6STOIMISTO? Meill\u00e4 on kokenut ja ammattitaitoinen tiimi. Edullinen virolainen hintataso \u2013 laadusta tinkim\u00e4tt\u00e4! Lis\u00e4ksi Unicom T\u00f5lkeb\u00fcroo tarjoaa kanta-asiakkailleen erilaisia hintaetuja. Tekninen osaaminen tekstink\u00e4sittely-, k\u00e4\u00e4nn\u00f6s- ja taitto-ohjelmistojen alalla auttaa &hellip; <a href=\"https:\/\/unicom.ee\/fi\/kes-me-oleme\/\" class=\"more-link\">Jatka lukemista<span class=\"screen-reader-text\"> &#8221;YRITYKSEST\u00c4&#8221;<\/span><\/a><\/p>\n","protected":false},"author":1,"featured_media":0,"parent":0,"menu_order":0,"comment_status":"closed","ping_status":"closed","template":"","meta":{"footnotes":""},"_links":{"self":[{"href":"https:\/\/unicom.ee\/fi\/wp-json\/wp\/v2\/pages\/13"}],"collection":[{"href":"https:\/\/unicom.ee\/fi\/wp-json\/wp\/v2\/pages"}],"about":[{"href":"https:\/\/unicom.ee\/fi\/wp-json\/wp\/v2\/types\/page"}],"author":[{"embeddable":true,"href":"https:\/\/unicom.ee\/fi\/wp-json\/wp\/v2\/users\/1"}],"replies":[{"embeddable":true,"href":"https:\/\/unicom.ee\/fi\/wp-json\/wp\/v2\/comments?post=13"}],"version-history":[{"count":5,"href":"https:\/\/unicom.ee\/fi\/wp-json\/wp\/v2\/pages\/13\/revisions"}],"predecessor-version":[{"id":351,"href":"https:\/\/unicom.ee\/fi\/wp-json\/wp\/v2\/pages\/13\/revisions\/351"}],"wp:attachment":[{"href":"https:\/\/unicom.ee\/fi\/wp-json\/wp\/v2\/media?parent=13"}],"curies":[{"name":"wp","href":"https:\/\/api.w.org\/{rel}","templated":true}]}}