{"id":168,"date":"2016-07-10T14:36:31","date_gmt":"2016-07-10T11:36:31","guid":{"rendered":"http:\/\/unicom.ee\/?page_id=168"},"modified":"2017-01-30T16:39:22","modified_gmt":"2017-01-30T14:39:22","slug":"ametlik-tolge","status":"publish","type":"page","link":"https:\/\/unicom.ee\/fi\/teenused\/et-korrektuur-toimetamine\/","title":{"rendered":"TEKSTIEN OIKOLUKU JA TOIMITTAMINEN"},"content":{"rendered":"<p>Kunnon tekstin pit\u00e4isi kiinnostaa lukijaa ja olla helppo ymm\u00e4rt\u00e4\u00e4, puhumattakaan moitteettomasta kieliasusta. Siksi ainakin julkaistavaksi tarkoitetut tekstit kannattaa tarkastuttaa ammattitaitoisella kielentarkastajalla.<\/p>\n<p>Oikoluku tarkoittaa ly\u00f6nti-, kirjoitus- ja kielivirheiden korjaamista.<\/p>\n<p>Tarjoamme oikolukua sek\u00e4 alkuper\u00e4isille ett\u00e4 k\u00e4\u00e4nn\u00f6steksteille.<\/p>\n<p>Toimittaminen k\u00e4sitt\u00e4\u00e4 oikoluvun lis\u00e4ksi my\u00f6s tekstin loogisen rakenteen, yksiselitteisyyden ja selkeyden sek\u00e4 termien oikeellisuuden tarkistamisen. Toimittaja parantaa tekstin luettavuutta, kohentaa kieliasua ja tyyli\u00e4. K\u00e4\u00e4nnettyjen tekstien toimittaminen edellytt\u00e4\u00e4 k\u00e4\u00e4nn\u00f6ksen vertailua alkutekstiin sek\u00e4 faktojen, k\u00e4sitteiden ja termien vastaavuuden tarkistamista.<\/p>\n<hr \/>\n<h2>TEKSTIEN OIKOLUVUN JA TOIMITTAMISEN HINNAT<\/h2>\n<p>Hinnoittelu perustuu laskennalliseen k\u00e4\u00e4nn\u00f6ssivuun = 220 sanaa \/ 1560 kirjainmerkki\u00e4.\u00a0Ty\u00f6n pituus lasketaan yleens\u00e4 loppuversiosta eli korjatusta tekstist\u00e4.<\/p>\n<p>Hinta riippuu konkreettisesta tekstist\u00e4 ja sen tarkoituksesta \u2013 t\u00e4m\u00e4ntyyppinen palvelu voi sis\u00e4lt\u00e4\u00e4 pelkk\u00e4\u00e4 oikeinkirjoitusvirheiden korjaamista, mutta my\u00f6s termien tarkistusta ja yhdenmukaistamista teknisess\u00e4 tekstiss\u00e4 tai vaativan mainostekstin tyylin muokkaamista jne. Siksi kustakin ty\u00f6st\u00e4 tehd\u00e4\u00e4n tapauskohtainen tarjous.<\/p>\n<p><button><a href=\"\/kontakt\">KYSYK\u00c4\u00c4 LIS\u00c4TIETOA TAI PYYT\u00c4K\u00c4\u00c4 TARJOUS PROJEKTIP\u00c4\u00c4LLIK\u00d6LT\u00c4MME!<\/a><\/button><\/p>","protected":false},"excerpt":{"rendered":"<p>Kunnon tekstin pit\u00e4isi kiinnostaa lukijaa ja olla helppo ymm\u00e4rt\u00e4\u00e4, puhumattakaan moitteettomasta kieliasusta. Siksi ainakin julkaistavaksi tarkoitetut tekstit kannattaa tarkastuttaa ammattitaitoisella kielentarkastajalla. Oikoluku tarkoittaa ly\u00f6nti-, kirjoitus- ja kielivirheiden korjaamista. Tarjoamme oikolukua sek\u00e4 alkuper\u00e4isille ett\u00e4 k\u00e4\u00e4nn\u00f6steksteille. Toimittaminen k\u00e4sitt\u00e4\u00e4 oikoluvun lis\u00e4ksi my\u00f6s tekstin loogisen rakenteen, yksiselitteisyyden ja selkeyden sek\u00e4 termien oikeellisuuden tarkistamisen. Toimittaja parantaa tekstin luettavuutta, kohentaa kieliasua &hellip; <a href=\"https:\/\/unicom.ee\/fi\/teenused\/et-korrektuur-toimetamine\/\" class=\"more-link\">Jatka lukemista<span class=\"screen-reader-text\"> &#8221;TEKSTIEN OIKOLUKU JA TOIMITTAMINEN&#8221;<\/span><\/a><\/p>\n","protected":false},"author":1,"featured_media":0,"parent":9,"menu_order":3,"comment_status":"closed","ping_status":"closed","template":"","meta":{"footnotes":""},"_links":{"self":[{"href":"https:\/\/unicom.ee\/fi\/wp-json\/wp\/v2\/pages\/168"}],"collection":[{"href":"https:\/\/unicom.ee\/fi\/wp-json\/wp\/v2\/pages"}],"about":[{"href":"https:\/\/unicom.ee\/fi\/wp-json\/wp\/v2\/types\/page"}],"author":[{"embeddable":true,"href":"https:\/\/unicom.ee\/fi\/wp-json\/wp\/v2\/users\/1"}],"replies":[{"embeddable":true,"href":"https:\/\/unicom.ee\/fi\/wp-json\/wp\/v2\/comments?post=168"}],"version-history":[{"count":5,"href":"https:\/\/unicom.ee\/fi\/wp-json\/wp\/v2\/pages\/168\/revisions"}],"predecessor-version":[{"id":347,"href":"https:\/\/unicom.ee\/fi\/wp-json\/wp\/v2\/pages\/168\/revisions\/347"}],"up":[{"embeddable":true,"href":"https:\/\/unicom.ee\/fi\/wp-json\/wp\/v2\/pages\/9"}],"wp:attachment":[{"href":"https:\/\/unicom.ee\/fi\/wp-json\/wp\/v2\/media?parent=168"}],"curies":[{"name":"wp","href":"https:\/\/api.w.org\/{rel}","templated":true}]}}