{"id":179,"date":"2016-07-13T14:42:35","date_gmt":"2016-07-13T11:42:35","guid":{"rendered":"http:\/\/unicom.ee\/?page_id=179"},"modified":"2017-01-24T19:15:12","modified_gmt":"2017-01-24T17:15:12","slug":"suuline-tolge","status":"publish","type":"page","link":"https:\/\/unicom.ee\/fi\/teenused\/et-suuline-tolge\/","title":{"rendered":"SUULLINEN TULKKAUS"},"content":{"rendered":"<p>Tulkkaus on puheviestint\u00e4\u00e4 eli tulkki v\u00e4litt\u00e4\u00e4 viestin suullisesti kielest\u00e4 toiseen. Tulkkausta tarvitaan erilaisissa kansainv\u00e4lisiss\u00e4 tilaisuuksissa: kokouksissa, seminaareissa, koulutuksissa, tuote-esittelyiss\u00e4 jne. Tulkkaustavan mukaan tulkkaus voidaan jakaa kahteen lajiin:<\/p>\n<h2>SIMULTAANITULKKAUS<\/h2>\n<p>Simultaanitulkkaus eli samanaikaistulkkaus tarkoittaa tulkkauslaitteiston avulla tapahtuvaa tulkkausta, jossa simultaanitulkki ty\u00f6skentelee \u00e4\u00e4nieristetyss\u00e4 tulkkikopissa ja salissa istuva yleis\u00f6 kuuntelee tulkkausta kuulokkeiden kautta. Simultaanitulkkaukseen tarvitaan kaksi tulkkia, jotka tulkkaavat vuorotellen 15\u201320 minuutin jaksoissa. Tarvittaessa voimme j\u00e4rjest\u00e4\u00e4 my\u00f6s tulkkauslaitteiden vuokrauksen. Simultaanitulkkaus voi tapahtua my\u00f6s kuiskaustulkkauksena (enint\u00e4\u00e4n 2\u20133 kuulijalle). Kuiskaustulkkaukseen ei tarvita mit\u00e4\u00e4n erikoislaitteita.<\/p>\n<h2>KONSEKUTIIVITULKKAUS<\/h2>\n<p>Konsekutiivitulkkaus eli per\u00e4kk\u00e4istulkkaus on tulkkausmuoto, jossa puhuja ja tulkki vuorottelevat eli tulkki tulkkaa muistiinpanojen avulla puhejakson j\u00e4lkeen. Siksi my\u00f6s tapahtuman kesto pitenee tulkkaukseen kuluvan ajan verran. Konsekutiivitulkkausta k\u00e4ytet\u00e4\u00e4n usein esimerkiksi oikeudenk\u00e4ynneiss\u00e4 ja liikeneuvotteluissa. K\u00e4\u00e4nn\u00f6stoimistomme tarjoaa kaikkia tulkkauspalveluita. Tarkempaa tietoa suullisista tulkkauksista saatte projektip\u00e4\u00e4llik\u00f6lt\u00e4mme. Jotta tulkki voisi kunnolla perehty\u00e4 tulkattavaan aiheeseen, pyyd\u00e4mme ajoissa ennen tilaisuuden alkua l\u00e4hett\u00e4m\u00e4\u00e4n meille olemassa olevat esittelyt ym. apumateriaalit.<\/p>\n<h2>TULKKAUSPALVELUIDEN HINNAT<\/h2>\n<p>Suullisten tulkkausten (konsekutiivi- ja kuiskaustulkkaus) hinta on tuntiperusteinen (60 minuuttia). Simultaanitulkkauksen laskentayksikk\u00f6 on 2 x 1 tuntia, koska simultaanitulkkaukseen tarvitaan aina v\u00e4hint\u00e4\u00e4n kaksi tulkkia. Hinnan laskennassa k\u00e4ytett\u00e4v\u00e4 v\u00e4himm\u00e4isyksikk\u00f6 on 2 tuntia ja simultaanitulkkauksessa 4 tuntia (2 tulkkia x 2 tuntia). Tulkkauksen hintaan voivat vaikuttaa useat muutkin seikat \u2013 esimerkiksi jos tulkattava tapahtuma pidet\u00e4\u00e4n 200 km p\u00e4\u00e4ss\u00e4 tulkin asuinpaikasta ja kest\u00e4\u00e4 2 p\u00e4iv\u00e4\u00e4, niin kuka vastaa tulkin matka- ja majoituskustannuksista, mill\u00e4 perusteella lasketaan tulkin ty\u00f6aika jne. T\u00e4llaiset asiat ratkaistaan aina tapauskohtaisesti, yhteisty\u00f6ss\u00e4 projektip\u00e4\u00e4llik\u00f6n kanssa. Mik\u00e4li simultaanitulkkaus tilataan laitteineen, k\u00e4\u00e4nn\u00f6spalvelun hintaan lis\u00e4t\u00e4\u00e4n laitteiden vuokrauskulut palveluntarjoajan hinnaston mukaan.<\/p>\n<p><button>KYSYK\u00c4\u00c4 LIS\u00c4TIETOA TAI PYYT\u00c4K\u00c4\u00c4 TARJOUS PROJEKTIP\u00c4\u00c4LLIK\u00d6LT\u00c4MME!<\/button><\/p>","protected":false},"excerpt":{"rendered":"<p>Tulkkaus on puheviestint\u00e4\u00e4 eli tulkki v\u00e4litt\u00e4\u00e4 viestin suullisesti kielest\u00e4 toiseen. Tulkkausta tarvitaan erilaisissa kansainv\u00e4lisiss\u00e4 tilaisuuksissa: kokouksissa, seminaareissa, koulutuksissa, tuote-esittelyiss\u00e4 jne. Tulkkaustavan mukaan tulkkaus voidaan jakaa kahteen lajiin: SIMULTAANITULKKAUS Simultaanitulkkaus eli samanaikaistulkkaus tarkoittaa tulkkauslaitteiston avulla tapahtuvaa tulkkausta, jossa simultaanitulkki ty\u00f6skentelee \u00e4\u00e4nieristetyss\u00e4 tulkkikopissa ja salissa istuva yleis\u00f6 kuuntelee tulkkausta kuulokkeiden kautta. Simultaanitulkkaukseen tarvitaan kaksi tulkkia, jotka tulkkaavat &hellip; <a href=\"https:\/\/unicom.ee\/fi\/teenused\/et-suuline-tolge\/\" class=\"more-link\">Jatka lukemista<span class=\"screen-reader-text\"> &#8221;SUULLINEN TULKKAUS&#8221;<\/span><\/a><\/p>\n","protected":false},"author":1,"featured_media":0,"parent":9,"menu_order":4,"comment_status":"closed","ping_status":"closed","template":"","meta":{"footnotes":""},"_links":{"self":[{"href":"https:\/\/unicom.ee\/fi\/wp-json\/wp\/v2\/pages\/179"}],"collection":[{"href":"https:\/\/unicom.ee\/fi\/wp-json\/wp\/v2\/pages"}],"about":[{"href":"https:\/\/unicom.ee\/fi\/wp-json\/wp\/v2\/types\/page"}],"author":[{"embeddable":true,"href":"https:\/\/unicom.ee\/fi\/wp-json\/wp\/v2\/users\/1"}],"replies":[{"embeddable":true,"href":"https:\/\/unicom.ee\/fi\/wp-json\/wp\/v2\/comments?post=179"}],"version-history":[{"count":5,"href":"https:\/\/unicom.ee\/fi\/wp-json\/wp\/v2\/pages\/179\/revisions"}],"predecessor-version":[{"id":314,"href":"https:\/\/unicom.ee\/fi\/wp-json\/wp\/v2\/pages\/179\/revisions\/314"}],"up":[{"embeddable":true,"href":"https:\/\/unicom.ee\/fi\/wp-json\/wp\/v2\/pages\/9"}],"wp:attachment":[{"href":"https:\/\/unicom.ee\/fi\/wp-json\/wp\/v2\/media?parent=179"}],"curies":[{"name":"wp","href":"https:\/\/api.w.org\/{rel}","templated":true}]}}