{"id":183,"date":"2016-07-13T14:43:27","date_gmt":"2016-07-13T11:43:27","guid":{"rendered":"http:\/\/unicom.ee\/?page_id=183"},"modified":"2017-03-08T12:58:10","modified_gmt":"2017-03-08T10:58:10","slug":"ametlik-tolge-2","status":"publish","type":"page","link":"https:\/\/unicom.ee\/fi\/teenused\/et-notariaalne-ja-vandetolgi-poolt-kinnitatav-tolge\/","title":{"rendered":"VIRALLISET K\u00c4\u00c4NN\u00d6KSET"},"content":{"rendered":"<p>Tietyiss\u00e4 tapauksissa k\u00e4\u00e4nn\u00f6s t\u00e4ytyy vahvistaa viralliseksi. Virossa t\u00e4llaiset k\u00e4\u00e4nn\u00f6sty\u00f6t hoitaa auktorisoitu k\u00e4\u00e4nt\u00e4j\u00e4 (vandet\u00f5lk) tai sitten notaari vahvistaa k\u00e4\u00e4nn\u00f6ksen (t\u00e4m\u00e4 p\u00e4tee nyky\u00e4\u00e4n vain vieraasta kielest\u00e4 viron kielelle k\u00e4\u00e4nnettyihin teksteihin, vuodesta 2020 kaikki viralliset k\u00e4\u00e4nn\u00f6kset ovat Virossa vain auktorisoitujen k\u00e4\u00e4nt\u00e4jien ty\u00f6maata).<br \/>\nLis\u00e4tietoa: <a href=\"http:\/\/www.just.ee\/sites\/www.just.ee\/files\/vandetolkide_voldik_a4_web.pdf\">http:\/\/www.just.ee\/sites\/www.just.ee\/files\/vandetolkide_voldik_a4_web.pdf<\/a><br \/>\nViron auktorisoitujen k\u00e4\u00e4nt\u00e4jien tekem\u00e4t viralliset k\u00e4\u00e4nn\u00f6kset ovat laillisesti p\u00e4tevi\u00e4 my\u00f6s muissa EU-maissa, ml. Suomi.<br \/>\nK\u00e4\u00e4nn\u00f6stoimistomme hoitaa tarvittavat viralliset k\u00e4\u00e4nn\u00f6kset sek\u00e4 neuvoo ja auttaa asioinnissa (esim. apostille-todistuksen hankinnassa). Asiakkaan tarvitsee vain toimittaa alkuper\u00e4isasiakirja k\u00e4\u00e4nn\u00f6stoimistoon ja sovitun m\u00e4\u00e4r\u00e4ajan kuluttua noutaa valmis k\u00e4\u00e4nn\u00f6s tarvittavine vahvistuksineen. Mik\u00e4li vastaanottava virasto sen hyv\u00e4ksyy, virallisen k\u00e4\u00e4nn\u00f6ksen voi tehd\u00e4 my\u00f6s digitaalisessa muodossa digitaalisella allekirjoituksella.<br \/>\nVirallisten k\u00e4\u00e4nn\u00f6sten hinnoittelu perustuu kirjallisten k\u00e4\u00e4nn\u00f6sten perushinnastoon. K\u00e4\u00e4nn\u00f6spalvelun hintaan lis\u00e4t\u00e4\u00e4n auktorisoidun k\u00e4\u00e4nt\u00e4j\u00e4n tai notaarin vahvistuspalkkio sek\u00e4 k\u00e4\u00e4nn\u00f6stoimiston palvelumaksu asioinnista.<\/p>\n<h2><button><a href=\"\/kontakt\">KYSYK\u00c4\u00c4 LIS\u00c4TIETOA TAI PYYT\u00c4K\u00c4\u00c4 TARJOUS PROJEKTIP\u00c4\u00c4LLIK\u00d6LT\u00c4MME!<\/a><\/button><\/h2>\n<p>Tietyiss\u00e4 tapauksissa k\u00e4\u00e4nn\u00f6s t\u00e4ytyy vahvistaa viralliseksi. Virossa t\u00e4llaiset k\u00e4\u00e4nn\u00f6sty\u00f6t hoitaa auktorisoitu k\u00e4\u00e4nt\u00e4j\u00e4 (vandet\u00f5lk) tai sitten notaari vahvistaa k\u00e4\u00e4nn\u00f6ksen (t\u00e4m\u00e4 p\u00e4tee nyky\u00e4\u00e4n vain vieraasta kielest\u00e4 viron kielelle k\u00e4\u00e4nnettyihin teksteihin, vuodesta 2020 kaikki viralliset k\u00e4\u00e4nn\u00f6kset ovat Virossa vain auktorisoitujen k\u00e4\u00e4nt\u00e4jien ty\u00f6maata).<br \/>\nLis\u00e4tietoa: <a href=\"http:\/\/www.just.ee\/sites\/www.just.ee\/files\/vandetolkide_voldik_a4_web.pdf\">http:\/\/www.just.ee\/sites\/www.just.ee\/files\/vandetolkide_voldik_a4_web.pdf<\/a><br \/>\nViron auktorisoitujen k\u00e4\u00e4nt\u00e4jien tekem\u00e4t viralliset k\u00e4\u00e4nn\u00f6kset ovat laillisesti p\u00e4tevi\u00e4 my\u00f6s muissa EU-maissa, ml. Suomi.<br \/>\nK\u00e4\u00e4nn\u00f6stoimistomme hoitaa tarvittavat viralliset k\u00e4\u00e4nn\u00f6kset sek\u00e4 neuvoo ja auttaa asioinnissa (esim. apostille-todistuksen hankinnassa). Asiakkaan tarvitsee vain toimittaa alkuper\u00e4isasiakirja k\u00e4\u00e4nn\u00f6stoimistoon ja sovitun m\u00e4\u00e4r\u00e4ajan kuluttua noutaa valmis k\u00e4\u00e4nn\u00f6s tarvittavine vahvistuksineen. Mik\u00e4li vastaanottava virasto sen hyv\u00e4ksyy, virallisen k\u00e4\u00e4nn\u00f6ksen voi tehd\u00e4 my\u00f6s digitaalisessa muodossa digitaalisella allekirjoituksella.<br \/>\nVirallisten k\u00e4\u00e4nn\u00f6sten hinnoittelu perustuu kirjallisten k\u00e4\u00e4nn\u00f6sten perushinnastoon. K\u00e4\u00e4nn\u00f6spalvelun hintaan lis\u00e4t\u00e4\u00e4n auktorisoidun k\u00e4\u00e4nt\u00e4j\u00e4n tai notaarin vahvistuspalkkio sek\u00e4 k\u00e4\u00e4nn\u00f6stoimiston palvelumaksu asioinnista.<\/p>\n<h2><button><a href=\"\/kontakt\">KYSYK\u00c4\u00c4 LIS\u00c4TIETOA TAI PYYT\u00c4K\u00c4\u00c4 TARJOUS PROJEKTIP\u00c4\u00c4LLIK\u00d6LT\u00c4MME!<\/a><\/button><\/h2>\n<p><\/p>","protected":false},"excerpt":{"rendered":"<p>Tietyiss\u00e4 tapauksissa k\u00e4\u00e4nn\u00f6s t\u00e4ytyy vahvistaa viralliseksi. Virossa t\u00e4llaiset k\u00e4\u00e4nn\u00f6sty\u00f6t hoitaa auktorisoitu k\u00e4\u00e4nt\u00e4j\u00e4 (vandet\u00f5lk) tai sitten notaari vahvistaa k\u00e4\u00e4nn\u00f6ksen (t\u00e4m\u00e4 p\u00e4tee nyky\u00e4\u00e4n vain vieraasta kielest\u00e4 viron kielelle k\u00e4\u00e4nnettyihin teksteihin, vuodesta 2020 kaikki viralliset k\u00e4\u00e4nn\u00f6kset ovat Virossa vain auktorisoitujen k\u00e4\u00e4nt\u00e4jien ty\u00f6maata). Lis\u00e4tietoa: http:\/\/www.just.ee\/sites\/www.just.ee\/files\/vandetolkide_voldik_a4_web.pdf Viron auktorisoitujen k\u00e4\u00e4nt\u00e4jien tekem\u00e4t viralliset k\u00e4\u00e4nn\u00f6kset ovat laillisesti p\u00e4tevi\u00e4 my\u00f6s muissa EU-maissa, ml. Suomi. &hellip; <a href=\"https:\/\/unicom.ee\/fi\/teenused\/et-notariaalne-ja-vandetolgi-poolt-kinnitatav-tolge\/\" class=\"more-link\">Jatka lukemista<span class=\"screen-reader-text\"> &#8221;VIRALLISET K\u00c4\u00c4NN\u00d6KSET&#8221;<\/span><\/a><\/p>\n","protected":false},"author":1,"featured_media":0,"parent":9,"menu_order":2,"comment_status":"closed","ping_status":"closed","template":"","meta":{"footnotes":""},"_links":{"self":[{"href":"https:\/\/unicom.ee\/fi\/wp-json\/wp\/v2\/pages\/183"}],"collection":[{"href":"https:\/\/unicom.ee\/fi\/wp-json\/wp\/v2\/pages"}],"about":[{"href":"https:\/\/unicom.ee\/fi\/wp-json\/wp\/v2\/types\/page"}],"author":[{"embeddable":true,"href":"https:\/\/unicom.ee\/fi\/wp-json\/wp\/v2\/users\/1"}],"replies":[{"embeddable":true,"href":"https:\/\/unicom.ee\/fi\/wp-json\/wp\/v2\/comments?post=183"}],"version-history":[{"count":5,"href":"https:\/\/unicom.ee\/fi\/wp-json\/wp\/v2\/pages\/183\/revisions"}],"predecessor-version":[{"id":583,"href":"https:\/\/unicom.ee\/fi\/wp-json\/wp\/v2\/pages\/183\/revisions\/583"}],"up":[{"embeddable":true,"href":"https:\/\/unicom.ee\/fi\/wp-json\/wp\/v2\/pages\/9"}],"wp:attachment":[{"href":"https:\/\/unicom.ee\/fi\/wp-json\/wp\/v2\/media?parent=183"}],"curies":[{"name":"wp","href":"https:\/\/api.w.org\/{rel}","templated":true}]}}